{"id":280,"date":"2017-11-10T14:08:51","date_gmt":"2017-11-10T14:08:51","guid":{"rendered":"http:\/\/tag_link_site_url\/mesmerize\/"},"modified":"2026-03-11T15:05:50","modified_gmt":"2026-03-11T15:05:50","slug":"mesmerize","status":"publish","type":"page","link":"https:\/\/edu-active.pl\/en\/","title":{"rendered":"Home"},"content":{"rendered":"<div  data-label=\"CELE FUNDACJI\" data-id=\"content-5-2\" data-export-id=\"content-5-2\" data-category=\"content\" class=\"content-5-2 content-section content-section-spacing\" id=\"cele-fundacji\" style=\"background-image: none; background-color: rgb(255, 255, 255);\">\n<div  class=\"gridContainer\">\n<div  class=\"row text-center\">\n<div  class=\"section-title-col\" data-type=\"column\">\n<h3  class=\"\"><span  style=\"font-family: &quot;Open Sans&quot;, arial, helvetica, sans-serif; font-weight: 400;\">W Fundacji Edu Active pomagamy zdobywa\u0107 nowe umiej\u0119tno\u015bci i rozwija\u0107 kompetencje przysz\u0142o\u015bci. Wspieramy dzieci, m\u0142odzie\u017c, doros\u0142ych i senior\u00f3w w edukacji cyfrowej, zawodowej i spo\u0142ecznej.<\/span><\/h3>\n\n\n<\/div>\n<\/div>\n<div  class=\"row middle-sm\">\n<div  class=\"col-sm-6 flexbox around-xs top-xs\">\n<div  class=\"overlay-box flexbox middle-xs center-xs overlay-holder\">\n<div  class=\"overlay-box-offset shadow-medium bg-color2 hide-xs offset-border\"><\/div>\n<img  decoding=\"async\" class=\"flexbox shadow-large img1\" data-size=\"500x500\" src=\"https:\/\/edu-active.pl\/wp-content\/uploads\/2022\/12\/cropped-old-man-with-his-granddaughter-using-tablet-making-video-call-to-child-scaled-e1671187006522.jpg\" title=\"Starszy m\u0119\u017cczyzna z wnuczk\u0105 korzystaj\u0105 z tabletu i prowadz\u0105 wideorozmow\u0119 z dzieckiem.\" alt=\"\">\n\n<\/div>\n<\/div>\n<div  class=\"col-sm-6 space-bottom-xs\">\n<div  class=\"row space-bottom\" data-type=\"column\"><\/div>\n<div  class=\"row space-bottom center-sm content-center-sm\" data-type=\"row\">\n<div  class=\"col-sm-6 space-bottom col-md-4\">\n\n<a  data-cp-link=\"1\" href=\"#\" class=\"\" target=\"_self\" rel=\"noopener\"><i  class=\"fa icon medium fa-graduation-cap reverse round small color1\"> <\/i><\/a>\n\n<h4  class=\"\">Szkolenia cyfrowe<\/h4><p  class=\"\" style=\"text-align: center;\">Nauka nowych technologii, programowania i bezpiecze\u0144stwa w Internecie.<\/p>\n\n<\/div>\n<div  class=\"col-sm-6 col-md-4\">\n\n<i  class=\"fa icon medium fa-female reverse round small color4\"> <\/i>\n\n<h4  class=\"\">Szkolenia zawodowe<\/h4><p  class=\"\">Kursy zawodowe, m.in. florystyka, krawiectwo, grafika komputerowa przygotowuj\u0105ce do pracy w bran\u017cy.<\/p>\n\n<\/div>\n<div  class=\"col-sm-6 space-bottom col-md-4\">\n\n<i  class=\"fa icon medium fa-leanpub reverse round small color2\"> <\/i>\n\n<h4  class=\"\">Kursy kulinarne<\/h4><p  class=\"\">Rozw\u00f3j umiej\u0119tno\u015bci kulinarnych i cukierniczych.<\/p>\n\n<\/div>\n<div  class=\"col-sm-6 col-md-4\">\n\n<i  class=\"fa icon medium color7 fa-group reverse round small color2\"> <\/i>\n\n<h4  class=\"\">Projekty Erasmus+<\/h4><p  class=\"\">Wymiana kulturowa, mobilno\u015b\u0107 m\u0142odzie\u017cy, wsp\u00f3\u0142praca mi\u0119dzynarodowa<\/p>\n\n<\/div>\n<div  class=\"col-sm-6 space-bottom col-md-4\">\n\n<i  class=\"fa icon medium fa-address-book-o reverse round small color1\"> <\/i>\n\n<h4  class=\"\">Kursy dla senior\u00f3w<\/h4><p  class=\"\">Kursy z zakresu nowych technologii i aktywno\u015bci spo\u0142ecznej.<\/p>\n\n<\/div>\n<div  class=\"col-sm-6 space-bottom col-md-4\">\n\n<i  class=\"fa icon medium fa-arrow-circle-o-right reverse round small color4\"> <\/i>\n\n<h4  class=\"\">Szkolenia z AI<\/h4><p  class=\"\">Kursy z AI, kt\u00f3re rozwijaj\u0105 kompetencje przysz\u0142o\u015bci.<\/p>\n\n<\/div>\n<\/div>\n<\/div>\n<\/div>\n<\/div>\n<\/div><div  data-label=\"Counters\" data-id=\"counters-2\" data-export-id=\"counters-2\" data-category=\"counters\" class=\"counters-2 content-section content-section-spacing content-relative white-text\" id=\"counters-2\" style=\"background-color: rgb(245, 250, 253); background-image: url(&quot;https:\/\/edu-active.pl\/wp-content\/uploads\/2022\/12\/female-hand-typing-on-keyboard-of-laptop-scaled.jpg&quot;); background-size: cover; background-position: center top;\" data-section-ov=\"1\"><div  class=\"section-separator-top\">\n    <svg  xmlns=\"http:\/\/www.w3.org\/2000\/svg\" viewBox=\"0 0 1000 100\" preserveAspectRatio=\"none\" data-separator-name=\"book-negative\" class=\"section-separator-top\">\n\t<path  class=\"svg-white-bg\" d=\"M806,94.7C619.5,90,500,20.3,500,1.7c-1,18.6-117.5,88.3-306,93C92,97.2,0,97.9,0,97.9v-0l0,0v2.3h1000v-2.3 C1000,97.7,920.3,97.6,806,94.7z M350,65.1L350,65.1L350,65.1L350,65.1z\"><\/path>\n<\/svg>\n<\/div>\n\n<div  class=\"gridContainer\">\n\n<div  class=\"row\" data-type=\"row\">\n<div  class=\"col-xs-12 col-sm-4 text-center space-bottom\">\n\n<i  class=\"fa icon fa-clock-o color-white\"><\/i>\n<h3  class=\"font-400\" data-min=\"0\" data-max=\"1600\" data-duration=\"2000\" data-prefix=\"\" data-suffix=\"+\" data-countup=\"true\" style=\"display: inline-block;\"><\/h3>\n<h5  class=\"upper color2\"><span  style=\"color: rgb(126, 217, 87);\">zrealizowanych godzin szkole\u0144<\/span><span  style=\"color: rgb(255, 255, 255); font-family: Roboto, arial, helvetica, sans-serif;\"><span  id=\"_mce_caret\" data-mce-bogus=\"1\" data-mce-type=\"format-caret\"><span  style=\"font-weight: 500;\"><\/span><\/span><\/span><\/h5>\n<\/div>\n<div  class=\"col-xs-12 col-sm-4 text-center space-bottom\">\n\n<i  class=\"fa icon color9 fa-smile-o color-white\"><\/i>\n<h3  class=\"font-400\" data-min=\"0\" data-max=\"400\" data-duration=\"2000\" data-prefix=\"\" data-suffix=\"+\" data-countup=\"true\" style=\"display: inline-block;\"><\/h3>\n<h5  class=\"upper color2\"><span  style=\"color: rgb(255, 222, 89);\">zadowolonych uczestnik\u00f3w<\/span><span  style=\"color: rgb(255, 255, 255); font-family: Roboto, arial, helvetica, sans-serif; font-weight: 500;\"><\/span><\/h5>\n<\/div>\n<div  class=\"col-xs-12 col-sm-4 text-center space-bottom\">\n\n<i  class=\"fa icon fa-coffee color-white\"><\/i>\n<h3  class=\"font-400\" data-min=\"0\" data-max=\"240\" data-duration=\"2000\" data-prefix=\"\" data-suffix=\"+\" data-countup=\"true\" style=\"display: inline-block;\"><\/h3>\n<h5  class=\"upper color2\">wypitych kaw \n<br >w biurze &nbsp;<span  style=\"font-family: Roboto, arial, helvetica, sans-serif; font-weight: 500;\"><font  color=\"#ffffff\" face=\"Poppins, arial, helvetica, sans-serif\"><\/font><\/span><\/h5>\n<\/div>\n<\/div>\n<\/div>\n\n<div  class=\"section-separator-bottom\">\n    <svg  xmlns=\"http:\/\/www.w3.org\/2000\/svg\" viewBox=\"0 0 1000 100\" preserveAspectRatio=\"none\" data-separator-name=\"book\" class=\"section-separator-bottom\">\n\t<path  class=\"svg-white-bg\" d=\"M194,99c186.7,0.7,305-78.3,306-97.2c1,18.9,119.3,97.9,306,97.2c114.3-0.3,194,0.3,194,0.3s0-91.7,0-100c0,0,0,0,0-0 L0,0v99.3C0,99.3,79.7,98.7,194,99z\"><\/path>\n<\/svg>\n<\/div><\/div><div  data-label=\"AKTUALNE SZKOLENIA\" data-id=\"features-16-card-bordered-colored\" data-export-id=\"features-16-card-bordered-colored\" data-category=\"features\" class=\"features-16-card-bordered-colored content-section content-section-spacing\" id=\"aktualne-szkolenia\" style=\"background-color: #ffffff; background-image: none;\">\n<div  class=\"gridContainer\">\n<div  class=\"row text-center\">\n<div  class=\"section-title-col\" data-type=\"column\">\n<h2  class=\"\"><span  style=\"font-family: &quot;Open Sans&quot;, arial, helvetica, sans-serif; font-weight: 300;\">Aktualne Szkolenia<\/span><\/h2>\n\n\n<\/div>\n<\/div>\n<div  class=\"row spaced-cols center-sm\" data-type=\"row\">\n<div  class=\"col-xs-12 col-sm-6 col-md-3 \">\n<div  class=\"card no-padding bottom-border-color3\">\n\n<img  decoding=\"async\" class=\"face\" src=\"https:\/\/edu-active.pl\/wp-content\/uploads\/2022\/12\/cropped-wspolczesni-seniorzy-robia-sobie-zdjecia_1098-13089.webp\" title=\"cropped-wspolczesni-seniorzy-robia-sobie-zdjecia_1098-13089.webp\" alt=\"\">\n<div  data-type=\"column\" class=\"col-padding-small col-padding-small-xs description-container\">\n<h4  class=\"font-500 color1\" style=\"text-align: center;\">Kurs KOMPUTEROWY<\/h4>\n<h3  class=\"\">Rzesz\u00f3w<\/h3><p  class=\"\">Szkolenie z zakresu podstawowej obs\u0142ugi komputera, wyszukiwarki internetowej, tworzenia tre\u015bci, komunikacji oraz cyberbezpiecze\u0144stwa.<\/p>\n\n<\/div>\n<div  data-type=\"column\" class=\"col-padding-small col-padding-small-xs read-more-container\"><a  class=\"button small color3\" href=\"https:\/\/edu-active.pl\/#kontakt\" target=\"_self\" data-cp-link=\"1\" data-icon=\"\" rel=\"noopener\">KONTAKT<\/a><\/div>\n<\/div>\n<\/div>\n<div  class=\"col-xs-12 col-sm-6 col-md-3 \">\n<div  class=\"card no-padding bottom-border-color1\">\n\n<img  decoding=\"async\" class=\"face\" src=\"https:\/\/edu-active.pl\/wp-content\/uploads\/2025\/01\/kobieta-z-doniczkowym-kwiatem-w-sklepie_23-2147762191.jpg\" title=\"kobieta-z-doniczkowym-kwiatem-w-sklepie_23-2147762191\" alt=\"\">\n<div  data-type=\"column\" class=\"col-padding-small col-padding-small-xs description-container\">\n<h4  class=\"font-500 color1\" style=\"text-align: center;\">Kurs FLORYSTYCZNY<\/h4>\n<h3  class=\"\">Rzesz\u00f3w<\/h3><p  class=\"\">Do\u0142\u0105cz do naszego kursu florystycznego, aby zdoby\u0107 wszechstronn\u0105 wiedz\u0119 i umiej\u0119tno\u015bci niezb\u0119dne do tworzenia kompozycji kwiatowych.<font  face=\"Roboto, arial, helvetica, sans-serif\"><\/font><\/p>\n\n<\/div>\n<div  data-type=\"column\" class=\"col-padding-small col-padding-small-xs read-more-container\"><a  class=\"button small color1\" href=\"https:\/\/edu-active.pl\/#kontakt\" target=\"_self\" data-cp-link=\"1\" data-icon=\"\" rel=\"noopener\">KONTAKT<\/a><\/div>\n<\/div>\n<\/div>\n<div  class=\"col-xs-12 col-sm-6 col-md-3 \">\n<div  class=\"card no-padding bottom-border-color2\">\n\n<img  decoding=\"async\" class=\"face\" src=\"https:\/\/edu-active.pl\/wp-content\/uploads\/2025\/01\/cropped-kobieta-siedzi-w-studio-i-szyc-tkaniny_1157-33792.jpg\" title=\"cropped-kobieta-siedzi-w-studio-i-szyc-tkaniny_1157-33792.jpg\" alt=\"\">\n<div  data-type=\"column\" class=\"col-padding-small col-padding-small-xs description-container\">\n<h4  class=\"font-500 color1\" style=\"text-align: center;\">Kurs KRAWIECKI<span  style=\"color: rgb(231, 93, 93); font-family: Courgette, arial, helvetica, sans-serif;\"><\/span><\/h4>\n\n\n<h3  class=\"\">Rzesz\u00f3w<\/h3><p  class=\"\">Na szkoleniu nauczysz si\u0119 wykonywania r\u00f3\u017cnorodnych \u015bcieg\u00f3w oraz nawlekania nici i igie\u0142.&nbsp;Do\u0142\u0105cz do nas ju\u017c teraz i rozpocznij swoj\u0105 przygod\u0119 z krawiectwem!<span  style=\"font-family: Roboto, arial, helvetica, sans-serif;\"><\/span><\/p><\/div>\n<div  data-type=\"column\" class=\"col-padding-small col-padding-small-xs read-more-container\"><a  class=\"button small color2\" href=\"https:\/\/edu-active.pl\/#kontakt\" target=\"_self\" data-cp-link=\"1\" data-icon=\"\" rel=\"noopener\">KONTAKT<\/a><\/div>\n<\/div>\n<\/div>\n<div  class=\"col-xs-12 col-sm-6 col-md-3\">\n<div  class=\"card no-padding bottom-border-color4\">\n\n<img  decoding=\"async\" class=\"face\" src=\"https:\/\/edu-active.pl\/wp-content\/uploads\/2025\/01\/cropped-3d-czynie-ta-a-technologii-z-kodu-nad-ga-owy-me-a-1-4czyzny_1048-5960.jpg\" title=\"cropped-3d-czynie-ta-a-technologii-z-kodu-nad-ga-owy-me-a-1-4czyzny_1048-5960.jpg\" alt=\"\">\n<div  data-type=\"column\" class=\"col-padding-small col-padding-small-xs description-container\">\n<h4  class=\"font-500 color1\" style=\"text-align: center;\">SZTUCZNA INTELIGENCJA<font  color=\"#f1a733\" face=\"Courgette, arial, helvetica, sans-serif\"><\/font><\/h4>\n<h3  class=\"\">Rzesz\u00f3w<\/h3><p  class=\"\">Do\u0142\u0105cz do naszego szkolenia, aby zdoby\u0107 niezb\u0119dn\u0105 wiedz\u0119 i umiej\u0119tno\u015bci, kt\u00f3re umo\u017cliwi\u0105 Ci skuteczne wykorzystanie sztucznej inteligencji i narz\u0119dzi biurowych w pracy.<span  style=\"font-family: Roboto, arial, helvetica, sans-serif;\"><\/span><\/p>\n\n<\/div>\n<div  data-type=\"column\" class=\"col-padding-small col-padding-small-xs read-more-container\"><a  class=\"button small color4\" href=\"https:\/\/edu-active.pl\/#kontakt\" target=\"_self\" data-cp-link=\"1\" data-icon=\"\" rel=\"noopener\">KONTAKT<\/a><\/div>\n<\/div>\n<\/div><\/div>\n<\/div>\n<\/div><div  data-label=\"KONTAKT\" data-id=\"contact--1\" data-export-id=\"contact-1\" data-category=\"contact\" class=\"contact-1 content-section content-section-spacing white-text\" data-parallax-depth=\"20\" id=\"kontakt\" style=\"background-color: rgb(245, 250, 253); background-image: url(&quot;https:\/\/edu-active.pl\/wp-content\/uploads\/2022\/12\/female-hand-typing-on-keyboard-of-laptop-scaled.jpg&quot;); background-size: cover; background-position: center top;\"><div  class=\"gridContainer\"> <div  class=\"row text-center\"><div  class=\"section-title-col\" data-type=\"column\">  <h1  class=\"\">Nigdy nie jest za p\u00f3\u017ano na nauk\u0119!<\/h1><h3  class=\"\">Je\u015bli chcesz pozna\u0107 nowe technologie, aktywnie uczestniczy\u0107 w \u017cyciu spo\u0142ecznym, rozwija\u0107 swoje zainteresowania i zdobywa\u0107 nowe umiej\u0119tno\u015bci \u2013 zapraszamy!<\/h3><h3  class=\"\"><span  style=\"font-family: &quot;Open Sans&quot;, arial, helvetica, sans-serif; font-weight: 300;\">Skontaktuj si\u0119 z nami i odkryj \u015bwiat edukacji, kt\u00f3ry pomo\u017ce Ci w rozwoju.<\/span><\/h3><\/div> <\/div> <div  class=\"row text-center\"> <div  class=\"col-xs-12 col-sm-8 col-sm-offset-2 contact-form-wrapper inline-info\"> <div  class=\"card large-padding\"> <div  class=\"\" data-content-shortcode=\"mesmerize_contact_form shortcode=&quot;wpforms id=&amp;amp;quot;412&amp;amp;quot;&quot;\" data-editable=\"true\"><div class=\"wpforms-container wpforms-container-full\" id=\"wpforms-412\"><form id=\"wpforms-form-412\" class=\"wpforms-validate wpforms-form wpforms-ajax-form\" data-formid=\"412\" method=\"post\" enctype=\"multipart\/form-data\" action=\"\/en\/wp-json\/wp\/v2\/pages\/280\" data-token=\"7c81b03a6ee8f779835b8f8662da17cf\" data-token-time=\"1776838336\"><noscript class=\"wpforms-error-noscript\">Please enable JavaScript in your browser to complete this form.<\/noscript><div class=\"wpforms-field-container\"><div id=\"wpforms-412-field_3-container\" class=\"wpforms-field wpforms-field-name\" data-field-id=\"3\"><label class=\"wpforms-field-label\" for=\"wpforms-412-field_3\">Imie i nazwisko <span class=\"wpforms-required-label\">*<\/span><\/label><input type=\"text\" id=\"wpforms-412-field_3\" class=\"wpforms-field-large wpforms-field-required\" name=\"wpforms[fields][3]\" required><\/div><div id=\"wpforms-412-field_4-container\" class=\"wpforms-field wpforms-field-email\" data-field-id=\"4\"><label class=\"wpforms-field-label\" for=\"wpforms-412-field_4\">Email lub numer telefonu <span class=\"wpforms-required-label\">*<\/span><\/label><input type=\"email\" id=\"wpforms-412-field_4\" class=\"wpforms-field-large wpforms-field-required\" name=\"wpforms[fields][4]\" spellcheck=\"false\" required><\/div><div id=\"wpforms-412-field_5-container\" class=\"wpforms-field wpforms-field-textarea\" data-field-id=\"5\"><label class=\"wpforms-field-label\" for=\"wpforms-412-field_5\">Wiadomo\u015b\u0107<\/label><textarea id=\"wpforms-412-field_5\" class=\"wpforms-field-medium\" name=\"wpforms[fields][5]\" ><\/textarea><\/div><div id=\"wpforms-412-field_6-container\" class=\"wpforms-field wpforms-field-checkbox\" data-field-id=\"6\"><label class=\"wpforms-field-label\">Pola wyboru <span class=\"wpforms-required-label\">*<\/span><\/label><ul id=\"wpforms-412-field_6\" class=\"wpforms-field-required\"><li class=\"choice-1 depth-1\"><input type=\"checkbox\" id=\"wpforms-412-field_6_1\" name=\"wpforms[fields][6][]\" value=\"Wyra\u017cam zgod\u0119 na przetwarzanie moich danych osobowych w postaci imienia, nazwiska, adresu e-mail i nr tel., podanych w powy\u017cszym formularzu, zgodnie z przepisami rozporz\u0105dzenia Parlamentu Europejskiego i Rady (UE) 2016\/679 z dnia 27 kwietnia 2016 r. w sprawie ochrony os\u00f3b fizycznych w zwi\u0105zku z przetwarzaniem danych osobowych i w sprawie swobodnego przep\u0142ywu takich danych w celu udzielenia odpowiedzi na z\u0142o\u017cone zapytanie. \u017b\u0105danie usuni\u0119cia danych prosz\u0119 kierowa\u0107 na adres biuro@edu-active.pl. Informujemy, \u017ce Administratorem Pani\/Pana danych osobowych jest Fundacja Edu Active, e-mail: biuro@edu-active.pl tel.: 17 71 50 096\" required ><label class=\"wpforms-field-label-inline\" for=\"wpforms-412-field_6_1\">Wyra\u017cam zgod\u0119 na przetwarzanie moich danych osobowych w postaci imienia, nazwiska, adresu e-mail i nr tel., podanych w powy\u017cszym formularzu, zgodnie z przepisami rozporz\u0105dzenia Parlamentu Europejskiego i Rady (UE) 2016\/679 z dnia 27 kwietnia 2016 r. w sprawie ochrony os\u00f3b fizycznych w zwi\u0105zku z przetwarzaniem danych osobowych i w sprawie swobodnego przep\u0142ywu takich danych w celu udzielenia odpowiedzi na z\u0142o\u017cone zapytanie. \u017b\u0105danie usuni\u0119cia danych prosz\u0119 kierowa\u0107 na adres biuro@edu-active.pl. Informujemy, \u017ce Administratorem Pani\/Pana danych osobowych jest Fundacja Edu Active, e-mail: biuro@edu-active.pl tel.: 17 71 50 096<\/label><\/li><\/ul><div class=\"wpforms-field-description\">\r\n<\/div><\/div><\/div><!-- .wpforms-field-container --><div class=\"wpforms-recaptcha-container wpforms-is-recaptcha wpforms-is-recaptcha-type-v2\" ><div class=\"g-recaptcha\" data-sitekey=\"6LftSIUjAAAAAISB2tczM0DwVQdG9eDZB71eIo-w\"><\/div><input type=\"text\" name=\"g-recaptcha-hidden\" class=\"wpforms-recaptcha-hidden\" style=\"position:absolute!important;clip:rect(0,0,0,0)!important;height:1px!important;width:1px!important;border:0!important;overflow:hidden!important;padding:0!important;margin:0!important;\" data-rule-recaptcha=\"1\"><\/div><div class=\"wpforms-submit-container\" ><input type=\"hidden\" name=\"wpforms[id]\" value=\"412\"><input type=\"hidden\" name=\"page_title\" value=\"\"><input type=\"hidden\" name=\"page_url\" value=\"https:\/\/edu-active.pl\/en\/wp-json\/wp\/v2\/pages\/280\"><input type=\"hidden\" name=\"url_referer\" value=\"\"><button type=\"submit\" name=\"wpforms[submit]\" id=\"wpforms-submit-412\" class=\"wpforms-submit\" data-alt-text=\"Wysy\u0142anie...\" data-submit-text=\"Wy\u015blij\" aria-live=\"assertive\" value=\"wpforms-submit\">Wy\u015blij<\/button><img loading=\"lazy\" decoding=\"async\" src=\"https:\/\/edu-active.pl\/wp-content\/plugins\/wpforms-lite\/assets\/images\/submit-spin.svg\" class=\"wpforms-submit-spinner\" style=\"display: none;\" width=\"26\" height=\"26\" alt=\"Loading\"><\/div><\/form><\/div>  <!-- .wpforms-container --><\/div><\/div> <\/div><\/div> <\/div><\/div>","protected":false},"excerpt":{"rendered":"<p>W Fundacji Edu Active pomagamy zdobywa\u0107 nowe umiej\u0119tno\u015bci i rozwija\u0107 kompetencje przysz\u0142o\u015bci. Wspieramy dzieci, m\u0142odzie\u017c, doros\u0142ych i senior\u00f3w w edukacji cyfrowej, zawodowej i spo\u0142ecznej. Szkolenia cyfroweNauka nowych technologii, programowania i bezpiecze\u0144stwa w Internecie. Szkolenia zawodoweKursy zawodowe, m.in. florystyka, krawiectwo, grafika komputerowa przygotowuj\u0105ce do pracy w bran\u017cy. Kursy kulinarneRozw\u00f3j umiej\u0119tno\u015bci kulinarnych i cukierniczych. Projekty Erasmus+Wymiana kulturowa,&hellip; <br \/> <a class=\"read-more\" href=\"https:\/\/edu-active.pl\/en\/\">Read more<\/a><\/p>","protected":false},"author":1,"featured_media":0,"parent":0,"menu_order":0,"comment_status":"closed","ping_status":"closed","template":"page-templates\/homepage.php","meta":{"cybocfi_hide_featured_image":"","footnotes":""},"class_list":["post-280","page","type-page","status-publish","hentry"],"_links":{"self":[{"href":"https:\/\/edu-active.pl\/en\/wp-json\/wp\/v2\/pages\/280","targetHints":{"allow":["GET"]}}],"collection":[{"href":"https:\/\/edu-active.pl\/en\/wp-json\/wp\/v2\/pages"}],"about":[{"href":"https:\/\/edu-active.pl\/en\/wp-json\/wp\/v2\/types\/page"}],"author":[{"embeddable":true,"href":"https:\/\/edu-active.pl\/en\/wp-json\/wp\/v2\/users\/1"}],"replies":[{"embeddable":true,"href":"https:\/\/edu-active.pl\/en\/wp-json\/wp\/v2\/comments?post=280"}],"version-history":[{"count":47,"href":"https:\/\/edu-active.pl\/en\/wp-json\/wp\/v2\/pages\/280\/revisions"}],"predecessor-version":[{"id":1354,"href":"https:\/\/edu-active.pl\/en\/wp-json\/wp\/v2\/pages\/280\/revisions\/1354"}],"wp:attachment":[{"href":"https:\/\/edu-active.pl\/en\/wp-json\/wp\/v2\/media?parent=280"}],"curies":[{"name":"wp","href":"https:\/\/api.w.org\/{rel}","templated":true}]}}